{"id":14258,"date":"2021-03-30T12:31:24","date_gmt":"2021-03-30T15:31:24","guid":{"rendered":"https:\/\/www.alwequipamentos.com.br\/?page_id=14258"},"modified":"2022-12-02T11:26:56","modified_gmt":"2022-12-02T14:26:56","slug":"fale-conosco","status":"publish","type":"page","link":"https:\/\/www.alwequipamentos.com.br\/?page_id=14258","title":{"rendered":"Fale Conosco"},"content":{"rendered":"\t\t<div data-elementor-type=\"wp-page\" data-elementor-id=\"14258\" class=\"elementor elementor-14258\">\n\t\t\t\t\t\t\t\t\t<section class=\"elementor-section elementor-top-section elementor-element elementor-element-30eab56 elementor-section-boxed elementor-section-height-default elementor-section-height-default\" data-id=\"30eab56\" data-element_type=\"section\">\n\t\t\t\t\t\t<div class=\"elementor-container elementor-column-gap-default\">\n\t\t\t\t\t<div class=\"elementor-column elementor-col-100 elementor-top-column elementor-element elementor-element-7a4db60\" data-id=\"7a4db60\" data-element_type=\"column\">\n\t\t\t<div class=\"elementor-widget-wrap elementor-element-populated\">\n\t\t\t\t\t\t\t\t<div class=\"elementor-element elementor-element-1b6668a elementor-widget elementor-widget-spacer\" data-id=\"1b6668a\" data-element_type=\"widget\" data-widget_type=\"spacer.default\">\n\t\t\t\t<div class=\"elementor-widget-container\">\n\t\t\t\t\t<div class=\"elementor-spacer\">\n\t\t\t<div class=\"elementor-spacer-inner\"><\/div>\n\t\t<\/div>\n\t\t\t\t<\/div>\n\t\t\t\t<\/div>\n\t\t\t\t\t<\/div>\n\t\t<\/div>\n\t\t\t\t\t\t\t<\/div>\n\t\t<\/section>\n\t\t\t\t<section class=\"elementor-section elementor-top-section elementor-element elementor-element-7963652 elementor-section-boxed elementor-section-height-default elementor-section-height-default\" data-id=\"7963652\" data-element_type=\"section\">\n\t\t\t\t\t\t<div class=\"elementor-container elementor-column-gap-default\">\n\t\t\t\t\t<div class=\"elementor-column elementor-col-50 elementor-top-column elementor-element elementor-element-a3c152c\" data-id=\"a3c152c\" data-element_type=\"column\">\n\t\t\t<div class=\"elementor-widget-wrap\">\n\t\t\t\t\t\t\t\t\t<\/div>\n\t\t<\/div>\n\t\t\t\t<div class=\"elementor-column elementor-col-50 elementor-top-column elementor-element elementor-element-d75d103\" data-id=\"d75d103\" data-element_type=\"column\">\n\t\t\t<div class=\"elementor-widget-wrap elementor-element-populated\">\n\t\t\t\t\t\t\t\t<div class=\"elementor-element elementor-element-15fcae7 elementor-widget elementor-widget-text-editor\" data-id=\"15fcae7\" data-element_type=\"widget\" data-widget_type=\"text-editor.default\">\n\t\t\t\t<div class=\"elementor-widget-container\">\n\t\t\t\t\t\t\t<p style=\"text-align: center;\"><strong>ALW Equipamentos Industriais<\/strong> foi constitu\u00edda com a vis\u00e3o de atuar com solu\u00e7\u00f5es t\u00e9cnicas em acionamentos mec\u00e2nicos, <strong>agregando valor aos seus clientes<\/strong> e atuando com um <strong>diferencial t\u00e9cnico<\/strong> de seus equipamentos com <strong>alta performance e baixo custo<\/strong>.<\/p><h6 style=\"text-align: center;\"><b>Av. General David Sarnoff, 4282 | Cidade Industrial<br \/>Contagem\/MG | CEP\u00a0<\/b><span style=\"color: inherit; font-family: var( --e-global-typography-text-font-family ), Sans-serif; font-weight: var( --e-global-typography-text-font-weight ); font-size: 1rem; letter-spacing: -0.01em; text-align: left;\"><b>32210-110<\/b><\/span><\/h6><h3 style=\"text-align: center;\"><strong>(31) 3356-6425<\/strong><\/h3><p style=\"text-align: center;\">vendas@alwequipamentos.com.br<\/p>\t\t\t\t\t\t<\/div>\n\t\t\t\t<\/div>\n\t\t\t\t<div class=\"elementor-element elementor-element-f3501e6 elementor-widget elementor-widget-google_maps\" data-id=\"f3501e6\" data-element_type=\"widget\" data-widget_type=\"google_maps.default\">\n\t\t\t\t<div class=\"elementor-widget-container\">\n\t\t\t\t\t<div class=\"elementor-custom-embed\">\n\t\t\t<iframe frameborder=\"0\" scrolling=\"no\" marginheight=\"0\" marginwidth=\"0\"\n\t\t\t\t\tsrc=\"https:\/\/maps.google.com\/maps?q=Avenida%20General%20David%20Sarnoff%2C%204282%2C%20Cidade%20Industrial%2C%20Contagem%2FMG&#038;t=m&#038;z=12&#038;output=embed&#038;iwloc=near\"\n\t\t\t\t\ttitle=\"Avenida General David Sarnoff, 4282, Cidade Industrial, Contagem\/MG\"\n\t\t\t\t\taria-label=\"Avenida General David Sarnoff, 4282, Cidade Industrial, Contagem\/MG\"\n\t\t\t><\/iframe>\n\t\t<\/div>\n\t\t\t\t<\/div>\n\t\t\t\t<\/div>\n\t\t\t\t\t<\/div>\n\t\t<\/div>\n\t\t\t\t\t\t\t<\/div>\n\t\t<\/section>\n\t\t\t\t\t\t\t<\/div>\n\t\t","protected":false},"excerpt":{"rendered":"ALW Equipamentos Industriais foi constitu\u00edda com a vis\u00e3o de atuar com solu\u00e7\u00f5es t\u00e9cnicas em acionamentos mec\u00e2nicos, agregando valor aos seus clientes e atuando com um diferencial t\u00e9cnico de seus equipamentos com alta performance e baixo custo.Av. General David Sarnoff, 4282&#8230;","protected":false},"author":1,"featured_media":0,"parent":0,"menu_order":0,"comment_status":"closed","ping_status":"closed","template":"","meta":{"footnotes":""},"class_list":["post-14258","page","type-page","status-publish","hentry"],"_links":{"self":[{"href":"https:\/\/www.alwequipamentos.com.br\/index.php?rest_route=\/wp\/v2\/pages\/14258","targetHints":{"allow":["GET"]}}],"collection":[{"href":"https:\/\/www.alwequipamentos.com.br\/index.php?rest_route=\/wp\/v2\/pages"}],"about":[{"href":"https:\/\/www.alwequipamentos.com.br\/index.php?rest_route=\/wp\/v2\/types\/page"}],"author":[{"embeddable":true,"href":"https:\/\/www.alwequipamentos.com.br\/index.php?rest_route=\/wp\/v2\/users\/1"}],"replies":[{"embeddable":true,"href":"https:\/\/www.alwequipamentos.com.br\/index.php?rest_route=%2Fwp%2Fv2%2Fcomments&post=14258"}],"version-history":[{"count":61,"href":"https:\/\/www.alwequipamentos.com.br\/index.php?rest_route=\/wp\/v2\/pages\/14258\/revisions"}],"predecessor-version":[{"id":14490,"href":"https:\/\/www.alwequipamentos.com.br\/index.php?rest_route=\/wp\/v2\/pages\/14258\/revisions\/14490"}],"wp:attachment":[{"href":"https:\/\/www.alwequipamentos.com.br\/index.php?rest_route=%2Fwp%2Fv2%2Fmedia&parent=14258"}],"curies":[{"name":"wp","href":"https:\/\/api.w.org\/{rel}","templated":true}]}}